{"id":952,"date":"2016-11-30T13:19:11","date_gmt":"2016-11-30T12:19:11","guid":{"rendered":"http:\/\/agatakus.pl\/?page_id=952"},"modified":"2024-06-10T23:16:19","modified_gmt":"2024-06-10T21:16:19","slug":"oferta-obrazy-dostepne-w-pracowni","status":"publish","type":"page","link":"https:\/\/agatakus.pl\/?page_id=952","title":{"rendered":"Oferta galeryjna \/ Obrazy dost\u0119pne w pracowni"},"content":{"rendered":"\n<p><\/p>\n\n\n\n<p><strong>Rysunki dost\u0119pne w galerii Pola Magnetyczne, Warszawa<\/strong><\/p>\n\n\n\n<p>KONTAKT: Londy\u0144ska 13, 03-921. Warsaw, Poland mail: galeria@polamagnetyczne.com tel.: +48 517 09 16 77\u00a0<\/p>\n\n\n\n<p>Recenzja wystawy w Vogue Polska:<\/p>\n\n\n\n<p><a href=\"https:\/\/www.vogue.pl\/a\/blizniego-swego-jak-siebie-samego\">https:\/\/www.vogue.pl\/a\/blizniego-swego-jak-siebie-samego<\/a><\/p>\n\n\n\n<p><\/p>\n\n\n\n<figure class=\"wp-block-gallery columns-3 is-cropped wp-block-gallery-1 is-layout-flex wp-block-gallery-is-layout-flex\"><ul class=\"blocks-gallery-grid\"><li class=\"blocks-gallery-item\"><figure><img loading=\"lazy\" decoding=\"async\" width=\"1024\" height=\"721\" src=\"https:\/\/agatakus.pl\/wp-content\/uploads\/2023\/02\/kus_dla_pola_magnetyczne-11-1024x721.jpg\" alt=\"\" data-id=\"2199\" data-full-url=\"https:\/\/agatakus.pl\/wp-content\/uploads\/2023\/02\/kus_dla_pola_magnetyczne-11.jpg\" data-link=\"https:\/\/agatakus.pl\/?attachment_id=2199\" class=\"wp-image-2199\" srcset=\"https:\/\/agatakus.pl\/wp-content\/uploads\/2023\/02\/kus_dla_pola_magnetyczne-11-1024x721.jpg 1024w, https:\/\/agatakus.pl\/wp-content\/uploads\/2023\/02\/kus_dla_pola_magnetyczne-11-300x211.jpg 300w, https:\/\/agatakus.pl\/wp-content\/uploads\/2023\/02\/kus_dla_pola_magnetyczne-11.jpg 1192w\" sizes=\"auto, (max-width: 1024px) 100vw, 1024px\" \/><figcaption class=\"blocks-gallery-item__caption\">Po\u017cegnanie<\/figcaption><\/figure><\/li><li class=\"blocks-gallery-item\"><figure><img loading=\"lazy\" decoding=\"async\" width=\"773\" height=\"1015\" src=\"https:\/\/agatakus.pl\/wp-content\/uploads\/2023\/02\/kus_dla_pola_magnetyczne-5.jpg\" alt=\"\" data-id=\"2200\" data-full-url=\"https:\/\/agatakus.pl\/wp-content\/uploads\/2023\/02\/kus_dla_pola_magnetyczne-5.jpg\" data-link=\"https:\/\/agatakus.pl\/?attachment_id=2200\" class=\"wp-image-2200\" srcset=\"https:\/\/agatakus.pl\/wp-content\/uploads\/2023\/02\/kus_dla_pola_magnetyczne-5.jpg 773w, https:\/\/agatakus.pl\/wp-content\/uploads\/2023\/02\/kus_dla_pola_magnetyczne-5-228x300.jpg 228w\" sizes=\"auto, (max-width: 773px) 100vw, 773px\" \/><figcaption class=\"blocks-gallery-item__caption\">U\u015bcisk ll<\/figcaption><\/figure><\/li><li class=\"blocks-gallery-item\"><figure><img loading=\"lazy\" decoding=\"async\" width=\"1012\" height=\"769\" src=\"https:\/\/agatakus.pl\/wp-content\/uploads\/2023\/02\/kus_dla_pola_magnetyczne-18.jpg\" alt=\"\" data-id=\"2202\" data-full-url=\"https:\/\/agatakus.pl\/wp-content\/uploads\/2023\/02\/kus_dla_pola_magnetyczne-18.jpg\" data-link=\"https:\/\/agatakus.pl\/?attachment_id=2202\" class=\"wp-image-2202\" srcset=\"https:\/\/agatakus.pl\/wp-content\/uploads\/2023\/02\/kus_dla_pola_magnetyczne-18.jpg 1012w, https:\/\/agatakus.pl\/wp-content\/uploads\/2023\/02\/kus_dla_pola_magnetyczne-18-300x228.jpg 300w\" sizes=\"auto, (max-width: 1012px) 100vw, 1012px\" \/><figcaption class=\"blocks-gallery-item__caption\">Simona<\/figcaption><\/figure><\/li><li class=\"blocks-gallery-item\"><figure><img loading=\"lazy\" decoding=\"async\" width=\"794\" height=\"1024\" src=\"https:\/\/agatakus.pl\/wp-content\/uploads\/2023\/02\/kus_dla_pola_magnetyczne-22-794x1024.jpg\" alt=\"\" data-id=\"2203\" data-full-url=\"https:\/\/agatakus.pl\/wp-content\/uploads\/2023\/02\/kus_dla_pola_magnetyczne-22.jpg\" data-link=\"https:\/\/agatakus.pl\/?attachment_id=2203\" class=\"wp-image-2203\" srcset=\"https:\/\/agatakus.pl\/wp-content\/uploads\/2023\/02\/kus_dla_pola_magnetyczne-22-794x1024.jpg 794w, https:\/\/agatakus.pl\/wp-content\/uploads\/2023\/02\/kus_dla_pola_magnetyczne-22-233x300.jpg 233w, https:\/\/agatakus.pl\/wp-content\/uploads\/2023\/02\/kus_dla_pola_magnetyczne-22.jpg 1115w\" sizes=\"auto, (max-width: 794px) 100vw, 794px\" \/><figcaption class=\"blocks-gallery-item__caption\">Dramatur\u017cka II<\/figcaption><\/figure><\/li><li class=\"blocks-gallery-item\"><figure><img loading=\"lazy\" decoding=\"async\" width=\"765\" height=\"1015\" src=\"https:\/\/agatakus.pl\/wp-content\/uploads\/2023\/02\/kus_dla_pola_magnetyczne-23.jpg\" alt=\"\" data-id=\"2204\" data-full-url=\"https:\/\/agatakus.pl\/wp-content\/uploads\/2023\/02\/kus_dla_pola_magnetyczne-23.jpg\" data-link=\"https:\/\/agatakus.pl\/?attachment_id=2204\" class=\"wp-image-2204\" srcset=\"https:\/\/agatakus.pl\/wp-content\/uploads\/2023\/02\/kus_dla_pola_magnetyczne-23.jpg 765w, https:\/\/agatakus.pl\/wp-content\/uploads\/2023\/02\/kus_dla_pola_magnetyczne-23-226x300.jpg 226w\" sizes=\"auto, (max-width: 765px) 100vw, 765px\" \/><figcaption class=\"blocks-gallery-item__caption\">Grzybek<\/figcaption><\/figure><\/li><li class=\"blocks-gallery-item\"><figure><img loading=\"lazy\" decoding=\"async\" width=\"726\" height=\"1024\" src=\"https:\/\/agatakus.pl\/wp-content\/uploads\/2023\/02\/kus_dla_pola_magnetyczne-30-726x1024.jpg\" alt=\"\" data-id=\"2205\" data-full-url=\"https:\/\/agatakus.pl\/wp-content\/uploads\/2023\/02\/kus_dla_pola_magnetyczne-30.jpg\" data-link=\"https:\/\/agatakus.pl\/?attachment_id=2205\" class=\"wp-image-2205\" srcset=\"https:\/\/agatakus.pl\/wp-content\/uploads\/2023\/02\/kus_dla_pola_magnetyczne-30-726x1024.jpg 726w, https:\/\/agatakus.pl\/wp-content\/uploads\/2023\/02\/kus_dla_pola_magnetyczne-30-213x300.jpg 213w, https:\/\/agatakus.pl\/wp-content\/uploads\/2023\/02\/kus_dla_pola_magnetyczne-30.jpg 842w\" sizes=\"auto, (max-width: 726px) 100vw, 726px\" \/><figcaption class=\"blocks-gallery-item__caption\">Hantelki<\/figcaption><\/figure><\/li><\/ul><figcaption class=\"blocks-gallery-caption\">Malarstwo<\/figcaption><\/figure>\n\n\n\n<p><\/p>\n\n\n\n<p><strong>Ostatnie dost\u0119pnie w pracowni prace \/ Last works from the studio:<\/strong><\/p>\n\n\n\n<p><span class=\"has-inline-color has-vivid-purple-color\">Malarstwo olejne:<\/span><\/p>\n\n\n\n<p><span class=\"has-inline-color has-vivid-purple-color\">Prace na papierze:<\/span><\/p>\n\n\n\n<figure class=\"wp-block-gallery columns-1 is-cropped wp-block-gallery-2 is-layout-flex wp-block-gallery-is-layout-flex\"><ul class=\"blocks-gallery-grid\"><li class=\"blocks-gallery-item\"><figure><img loading=\"lazy\" decoding=\"async\" width=\"726\" height=\"1024\" src=\"https:\/\/agatakus.pl\/wp-content\/uploads\/2022\/09\/02-726x1024.jpg\" alt=\"\" data-id=\"2100\" data-link=\"https:\/\/agatakus.pl\/?attachment_id=2100\" class=\"wp-image-2100\" srcset=\"https:\/\/agatakus.pl\/wp-content\/uploads\/2022\/09\/02-726x1024.jpg 726w, https:\/\/agatakus.pl\/wp-content\/uploads\/2022\/09\/02-213x300.jpg 213w, https:\/\/agatakus.pl\/wp-content\/uploads\/2022\/09\/02.jpg 842w\" sizes=\"auto, (max-width: 726px) 100vw, 726px\" \/><figcaption class=\"blocks-gallery-item__caption\"><em>Infekcja, kredka, o\u0142\u00f3wek na papierze, 5 000 z\u0142<\/em><\/figcaption><\/figure><\/li><\/ul><figcaption class=\"blocks-gallery-caption\">Prace na papierze<\/figcaption><\/figure>\n\n\n<p><\/p>\n<div class=\"components-placeholder__fieldset\">&nbsp;<\/div>\n<p><span style=\"color: #cc99ff;\">Ceramika:<\/span><\/p>\n<div id='gallery-1' class='gallery galleryid-952 gallery-columns-4 gallery-size-thumbnail'><dl class='gallery-item'>\n\t\t\t<dt class='gallery-icon portrait'>\n\t\t\t\t<a href='https:\/\/agatakus.pl\/?attachment_id=1742'><img loading=\"lazy\" decoding=\"async\" width=\"400\" height=\"400\" src=\"https:\/\/agatakus.pl\/wp-content\/uploads\/2020\/02\/Agata-Kus_0105-400x400.jpg\" class=\"attachment-thumbnail size-thumbnail\" alt=\"\" aria-describedby=\"gallery-1-1742\" \/><\/a>\n\t\t\t<\/dt>\n\t\t\t\t<dd class='wp-caption-text gallery-caption' id='gallery-1-1742'>\n\t\t\t\t Lew, ceramika szkliwiona,  2019 \/ dost\u0119pna po wystawie w Manggha Muzeum, 12 000 z\u0142\n\t\t\t\t<\/dd><\/dl><dl class='gallery-item'>\n\t\t\t<dt class='gallery-icon landscape'>\n\t\t\t\t<a href='https:\/\/agatakus.pl\/?attachment_id=1385'><img loading=\"lazy\" decoding=\"async\" width=\"400\" height=\"400\" src=\"https:\/\/agatakus.pl\/wp-content\/uploads\/2018\/09\/IMG_1479-400x400.jpg\" class=\"attachment-thumbnail size-thumbnail\" alt=\"\" aria-describedby=\"gallery-1-1385\" \/><\/a>\n\t\t\t<\/dt>\n\t\t\t\t<dd class='wp-caption-text gallery-caption' id='gallery-1-1385'>\n\t\t\t\tPOLSKA, dost\u0119pna przez MOCAK Bookstore\n\t\t\t\t<\/dd><\/dl><dl class='gallery-item'>\n\t\t\t<dt class='gallery-icon landscape'>\n\t\t\t\t<a href='https:\/\/agatakus.pl\/?attachment_id=1389'><img loading=\"lazy\" decoding=\"async\" width=\"400\" height=\"400\" src=\"https:\/\/agatakus.pl\/wp-content\/uploads\/2018\/09\/mydlo2-400x400.jpg\" class=\"attachment-thumbnail size-thumbnail\" alt=\"\" aria-describedby=\"gallery-1-1389\" \/><\/a>\n\t\t\t<\/dt>\n\t\t\t\t<dd class='wp-caption-text gallery-caption' id='gallery-1-1389'>\n\t\t\t\tTo nie jest myd\u0142o \/ ceramika szkliwiona, 2018 , 1000 z\u0142\n\t\t\t\t<\/dd><\/dl><dl class='gallery-item'>\n\t\t\t<dt class='gallery-icon landscape'>\n\t\t\t\t<a href='https:\/\/agatakus.pl\/?attachment_id=1371'><img loading=\"lazy\" decoding=\"async\" width=\"400\" height=\"400\" src=\"https:\/\/agatakus.pl\/wp-content\/uploads\/2018\/09\/IMG_1683-400x400.jpg\" class=\"attachment-thumbnail size-thumbnail\" alt=\"\" aria-describedby=\"gallery-1-1371\" \/><\/a>\n\t\t\t<\/dt>\n\t\t\t\t<dd class='wp-caption-text gallery-caption' id='gallery-1-1371'>\n\t\t\t\tPapierosy \/ Smokes \/  (paczka + papierosy i pety), 13 element\u00f3w \/ ceramika szkliwiona, 2018, 2000 z\u0142\n\t\t\t\t<\/dd><\/dl><br style=\"clear: both\" \/><dl class='gallery-item'>\n\t\t\t<dt class='gallery-icon landscape'>\n\t\t\t\t<a href='https:\/\/agatakus.pl\/?attachment_id=1367'><img loading=\"lazy\" decoding=\"async\" width=\"400\" height=\"400\" src=\"https:\/\/agatakus.pl\/wp-content\/uploads\/2018\/09\/hejter2-400x400.jpg\" class=\"attachment-thumbnail size-thumbnail\" alt=\"\" aria-describedby=\"gallery-1-1367\" \/><\/a>\n\t\t\t<\/dt>\n\t\t\t\t<dd class='wp-caption-text gallery-caption' id='gallery-1-1367'>\n\t\t\t\tHejter \/ Heiter\/ ceramika szkliwiona, 2018, 2500 zl\n\t\t\t\t<\/dd><\/dl><dl class='gallery-item'>\n\t\t\t<dt class='gallery-icon portrait'>\n\t\t\t\t<a href='https:\/\/agatakus.pl\/?attachment_id=1876'><img loading=\"lazy\" decoding=\"async\" width=\"400\" height=\"400\" src=\"https:\/\/agatakus.pl\/wp-content\/uploads\/2020\/10\/image007-400x400.jpg\" class=\"attachment-thumbnail size-thumbnail\" alt=\"\" aria-describedby=\"gallery-1-1876\" \/><\/a>\n\t\t\t<\/dt>\n\t\t\t\t<dd class='wp-caption-text gallery-caption' id='gallery-1-1876'>\n\t\t\t\tCat Breading (Know Your Meme), ceramika szkliwiona \/dost\u0119pna po wystawie w Manggha Muzeum, 8 000 z\u0142\n\t\t\t\t<\/dd><\/dl>\n\t\t\t<br style='clear: both' \/>\n\t\t<\/div>\n\n\n\n<p><\/p>\n","protected":false},"excerpt":{"rendered":"<p>Rysunki dost\u0119pne w galerii Pola Magnetyczne, Warszawa KONTAKT: Londy\u0144ska 13, 03-921. Warsaw, Poland mail: galeria@polamagnetyczne.com tel.:&hellip;<\/p>\n","protected":false},"author":1,"featured_media":0,"parent":0,"menu_order":0,"comment_status":"closed","ping_status":"closed","template":"","meta":{"footnotes":""},"class_list":["post-952","page","type-page","status-publish","hentry"],"_links":{"self":[{"href":"https:\/\/agatakus.pl\/index.php?rest_route=\/wp\/v2\/pages\/952","targetHints":{"allow":["GET"]}}],"collection":[{"href":"https:\/\/agatakus.pl\/index.php?rest_route=\/wp\/v2\/pages"}],"about":[{"href":"https:\/\/agatakus.pl\/index.php?rest_route=\/wp\/v2\/types\/page"}],"author":[{"embeddable":true,"href":"https:\/\/agatakus.pl\/index.php?rest_route=\/wp\/v2\/users\/1"}],"replies":[{"embeddable":true,"href":"https:\/\/agatakus.pl\/index.php?rest_route=%2Fwp%2Fv2%2Fcomments&post=952"}],"version-history":[{"count":92,"href":"https:\/\/agatakus.pl\/index.php?rest_route=\/wp\/v2\/pages\/952\/revisions"}],"predecessor-version":[{"id":2328,"href":"https:\/\/agatakus.pl\/index.php?rest_route=\/wp\/v2\/pages\/952\/revisions\/2328"}],"wp:attachment":[{"href":"https:\/\/agatakus.pl\/index.php?rest_route=%2Fwp%2Fv2%2Fmedia&parent=952"}],"curies":[{"name":"wp","href":"https:\/\/api.w.org\/{rel}","templated":true}]}}